{"id":635,"date":"2024-10-03T19:24:28","date_gmt":"2024-10-03T19:24:28","guid":{"rendered":"https:\/\/hierbabuena.mx\/agenciacreativa\/?page_id=635"},"modified":"2024-10-03T19:26:45","modified_gmt":"2024-10-03T19:26:45","slug":"aviso-de-privacidad","status":"publish","type":"page","link":"https:\/\/hierbabuena.mx\/agenciacreativa\/aviso-de-privacidad\/","title":{"rendered":"Aviso de provacidad"},"content":{"rendered":"<p>[vc_row css_animation=\u00bb\u00bb row_type=\u00bbrow\u00bb use_row_as_full_screen_section=\u00bbno\u00bb type=\u00bbfull_width\u00bb angled_section=\u00bbno\u00bb text_align=\u00bbleft\u00bb background_image_as_pattern=\u00bbwithout_pattern\u00bb css=\u00bb.vc_custom_1700676803022{margin-top: 15px !important;margin-bottom: 15px !important;padding-top: 60px !important;padding-bottom: 60px !important;}\u00bb z_index=\u00bb\u00bb][vc_column][vc_column_text css=\u00bb.vc_custom_1727983589845{padding-top: 20px !important;padding-bottom: 20px !important;}\u00bb]<\/p>\n<h2>Aviso de Privacidad<\/h2>\n<p>[\/vc_column_text][vc_column_text css=\u00bb.vc_custom_1727983603470{padding-top: 25px !important;padding-bottom: 25px !important;}\u00bb]El cliente acepta que Juicy Publicidad y Medios podr\u00e1 realizar modificaciones, correcciones o mejoras a sus productos y la informaci\u00f3n incluida dentro de los mismos sin que ello de lugar a ninguna reclamaci\u00f3n o indemnizaci\u00f3n de ning\u00fan tipo.<\/p>\n<p>Juicy Publicidad y Medios es una marca registrada y todos sus derechos est\u00e1n reservados, no se permite compartir o plagiar el material comercializado dentro del sitio, ni utilizar su nombre comercial en la misma clase.<\/p>\n<p>A pesar de que el manejo de informaci\u00f3n por parte de Juicy Publicidad y Medios es en todo momento responsable y confidencial, ninguna transmisi\u00f3n de datos por Internet puede garantizar el 100% de protecci\u00f3n, por lo que usted como usuario ser\u00e1 responsable del mantenimiento que le de a su cuenta, nombre de usuario y contrase\u00f1a, as\u00ed como cualquier otra informaci\u00f3n personal proporcionada en este sitio.[\/vc_column_text][\/vc_column][\/vc_row]<\/p>\n","protected":false},"excerpt":{"rendered":"<p>[vc_row css_animation=\u00bb\u00bb row_type=\u00bbrow\u00bb use_row_as_full_screen_section=\u00bbno\u00bb type=\u00bbfull_width\u00bb angled_section=\u00bbno\u00bb text_align=\u00bbleft\u00bb background_image_as_pattern=\u00bbwithout_pattern\u00bb css=\u00bb.vc_custom_1700676803022{margin-top: 15px !important;margin-bottom: 15px !important;padding-top: 60px !important;padding-bottom: 60px !important;}\u00bb z_index=\u00bb\u00bb][vc_column][vc_column_text css=\u00bb.vc_custom_1727983589845{padding-top: 20px !important;padding-bottom: 20px !important;}\u00bb] Aviso de Privacidad [\/vc_column_text][vc_column_text css=\u00bb.vc_custom_1727983603470{padding-top: 25px !important;padding-bottom: 25px !important;}\u00bb]El cliente acepta que Juicy Publicidad y Medios podr\u00e1 realizar modificaciones, correcciones o mejoras&#8230;<\/p>\n","protected":false},"author":1,"featured_media":0,"parent":0,"menu_order":0,"comment_status":"closed","ping_status":"closed","template":"","meta":{"rs_blank_template":"","rs_page_bg_color":"#ffffff","slide_template_v7":"","footnotes":""},"class_list":["post-635","page","type-page","status-publish","hentry"],"_links":{"self":[{"href":"https:\/\/hierbabuena.mx\/agenciacreativa\/wp-json\/wp\/v2\/pages\/635","targetHints":{"allow":["GET"]}}],"collection":[{"href":"https:\/\/hierbabuena.mx\/agenciacreativa\/wp-json\/wp\/v2\/pages"}],"about":[{"href":"https:\/\/hierbabuena.mx\/agenciacreativa\/wp-json\/wp\/v2\/types\/page"}],"author":[{"embeddable":true,"href":"https:\/\/hierbabuena.mx\/agenciacreativa\/wp-json\/wp\/v2\/users\/1"}],"replies":[{"embeddable":true,"href":"https:\/\/hierbabuena.mx\/agenciacreativa\/wp-json\/wp\/v2\/comments?post=635"}],"version-history":[{"count":3,"href":"https:\/\/hierbabuena.mx\/agenciacreativa\/wp-json\/wp\/v2\/pages\/635\/revisions"}],"predecessor-version":[{"id":639,"href":"https:\/\/hierbabuena.mx\/agenciacreativa\/wp-json\/wp\/v2\/pages\/635\/revisions\/639"}],"wp:attachment":[{"href":"https:\/\/hierbabuena.mx\/agenciacreativa\/wp-json\/wp\/v2\/media?parent=635"}],"curies":[{"name":"wp","href":"https:\/\/api.w.org\/{rel}","templated":true}]}}